{"id":3679,"date":"2026-01-25T16:48:13","date_gmt":"2026-01-25T15:48:13","guid":{"rendered":"https:\/\/avelec-group.com\/?page_id=3679"},"modified":"2026-01-25T17:15:34","modified_gmt":"2026-01-25T16:15:34","slug":"en-construction","status":"publish","type":"page","link":"https:\/\/avelec-group.com\/index.php\/en-construction\/","title":{"rendered":"En construction"},"content":{"rendered":"\t\t<div data-elementor-type=\"wp-page\" data-elementor-id=\"3679\" class=\"elementor elementor-3679\">\n\t\t\t\t<div class=\"elementor-element elementor-element-26a37c9 e-flex e-con-boxed wpr-particle-no wpr-jarallax-no wpr-parallax-no wpr-sticky-section-no e-con e-parent\" data-id=\"26a37c9\" data-element_type=\"container\" data-settings=\"{&quot;background_background&quot;:&quot;classic&quot;}\">\n\t\t\t\t\t<div class=\"e-con-inner\">\n\t\t<div class=\"elementor-element elementor-element-7ae041e e-con-full e-flex wpr-particle-no wpr-jarallax-no wpr-parallax-no wpr-sticky-section-no e-con e-child\" data-id=\"7ae041e\" data-element_type=\"container\">\n\t\t\t\t<div class=\"elementor-element elementor-element-e943aa7 elementor-widget elementor-widget-image\" data-id=\"e943aa7\" data-element_type=\"widget\" data-widget_type=\"image.default\">\n\t\t\t\t<div class=\"elementor-widget-container\">\n\t\t\t\t\t\t\t\t\t\t\t\t\t\t\t<img decoding=\"async\" data-src=\"https:\/\/avelec-group.com\/wp-content\/uploads\/2026\/01\/Avelec-maintenance.svg\" title=\"\" alt=\"\" src=\"data:image\/svg+xml;base64,PHN2ZyB3aWR0aD0iMSIgaGVpZ2h0PSIxIiB4bWxucz0iaHR0cDovL3d3dy53My5vcmcvMjAwMC9zdmciPjwvc3ZnPg==\" class=\"lazyload\" \/>\t\t\t\t\t\t\t\t\t\t\t\t\t\t\t<\/div>\n\t\t\t\t<\/div>\n\t\t\t\t<div class=\"elementor-element elementor-element-f9aab3e elementor-widget elementor-widget-heading\" data-id=\"f9aab3e\" data-element_type=\"widget\" data-widget_type=\"heading.default\">\n\t\t\t\t<div class=\"elementor-widget-container\">\n\t\t\t\t\t<h1 class=\"elementor-heading-title elementor-size-default\"><strong>Maintenance en cours<\/strong> : Nous optimisons notre syst\u00e8me !<\/h1>\t\t\t\t<\/div>\n\t\t\t\t<\/div>\n\t\t\t\t<div class=\"elementor-element elementor-element-7b5f079 elementor-widget elementor-widget-text-editor\" data-id=\"7b5f079\" data-element_type=\"widget\" data-widget_type=\"text-editor.default\">\n\t\t\t\t<div class=\"elementor-widget-container\">\n\t\t\t\t\t\t\t\t\t<p>Comme pour vos variateurs industriels, une r\u00e9vision p\u00e9riodique est n\u00e9cessaire pour garantir une performance optimale.<\/p>\t\t\t\t\t\t\t\t<\/div>\n\t\t\t\t<\/div>\n\t\t\t\t<\/div>\n\t\t<div class=\"elementor-element elementor-element-3499ced e-con-full elementor-hidden-tablet elementor-hidden-mobile e-flex wpr-particle-no wpr-jarallax-no wpr-parallax-no wpr-sticky-section-no e-con e-child\" data-id=\"3499ced\" data-element_type=\"container\">\n\t\t\t\t<\/div>\n\t\t\t\t\t<\/div>\n\t\t\t\t<\/div>\n\t\t<div class=\"elementor-element elementor-element-226c367 e-con-full e-flex wpr-particle-no wpr-jarallax-no wpr-parallax-no wpr-sticky-section-no e-con e-child\" data-id=\"226c367\" data-element_type=\"container\" data-settings=\"{&quot;background_background&quot;:&quot;classic&quot;}\">\n\t\t\t\t<div class=\"elementor-element elementor-element-959ecc1 elementor-view-default elementor-widget elementor-widget-icon\" data-id=\"959ecc1\" data-element_type=\"widget\" data-widget_type=\"icon.default\">\n\t\t\t\t<div class=\"elementor-widget-container\">\n\t\t\t\t\t\t\t<div class=\"elementor-icon-wrapper\">\n\t\t\t<div class=\"elementor-icon\">\n\t\t\t<i aria-hidden=\"true\" class=\"icon icon-quote\"><\/i>\t\t\t<\/div>\n\t\t<\/div>\n\t\t\t\t\t\t<\/div>\n\t\t\t\t<\/div>\n\t\t\t\t<div class=\"elementor-element elementor-element-e16a7ca elementor-widget elementor-widget-text-editor\" data-id=\"e16a7ca\" data-element_type=\"widget\" data-widget_type=\"text-editor.default\">\n\t\t\t\t<div class=\"elementor-widget-container\">\n\t\t\t\t\t\t\t\t\t<p>\u202fNotre travail commence quand l\u2019\u00e9lectronique s\u2019arr\u00eate.<\/p>\t\t\t\t\t\t\t\t<\/div>\n\t\t\t\t<\/div>\n\t\t\t\t<div class=\"elementor-element elementor-element-7c594a1 e-transform elementor-view-default elementor-widget elementor-widget-icon\" data-id=\"7c594a1\" data-element_type=\"widget\" data-settings=\"{&quot;_transform_rotateZ_effect&quot;:{&quot;unit&quot;:&quot;px&quot;,&quot;size&quot;:180,&quot;sizes&quot;:[]},&quot;_transform_rotateZ_effect_tablet&quot;:{&quot;unit&quot;:&quot;deg&quot;,&quot;size&quot;:&quot;&quot;,&quot;sizes&quot;:[]},&quot;_transform_rotateZ_effect_mobile&quot;:{&quot;unit&quot;:&quot;deg&quot;,&quot;size&quot;:&quot;&quot;,&quot;sizes&quot;:[]}}\" data-widget_type=\"icon.default\">\n\t\t\t\t<div class=\"elementor-widget-container\">\n\t\t\t\t\t\t\t<div class=\"elementor-icon-wrapper\">\n\t\t\t<div class=\"elementor-icon\">\n\t\t\t<i aria-hidden=\"true\" class=\"icon icon-quote\"><\/i>\t\t\t<\/div>\n\t\t<\/div>\n\t\t\t\t\t\t<\/div>\n\t\t\t\t<\/div>\n\t\t\t\t<\/div>\n\t\t\t\t<\/div>\n\t\t","protected":false},"excerpt":{"rendered":"<p>Maintenance en cours : Nous optimisons notre syst\u00e8me ! Comme pour vos variateurs industriels, une r\u00e9vision p\u00e9riodique est n\u00e9cessaire pour garantir une performance optimale. \u202fNotre travail commence quand l\u2019\u00e9lectronique s\u2019arr\u00eate.<\/p>\n","protected":false},"author":1,"featured_media":0,"parent":0,"menu_order":0,"comment_status":"closed","ping_status":"closed","template":"elementor_canvas","meta":{"inline_featured_image":false,"footnotes":""},"class_list":["post-3679","page","type-page","status-publish","hentry"],"_links":{"self":[{"href":"https:\/\/avelec-group.com\/index.php\/wp-json\/wp\/v2\/pages\/3679","targetHints":{"allow":["GET"]}}],"collection":[{"href":"https:\/\/avelec-group.com\/index.php\/wp-json\/wp\/v2\/pages"}],"about":[{"href":"https:\/\/avelec-group.com\/index.php\/wp-json\/wp\/v2\/types\/page"}],"author":[{"embeddable":true,"href":"https:\/\/avelec-group.com\/index.php\/wp-json\/wp\/v2\/users\/1"}],"replies":[{"embeddable":true,"href":"https:\/\/avelec-group.com\/index.php\/wp-json\/wp\/v2\/comments?post=3679"}],"version-history":[{"count":16,"href":"https:\/\/avelec-group.com\/index.php\/wp-json\/wp\/v2\/pages\/3679\/revisions"}],"predecessor-version":[{"id":3697,"href":"https:\/\/avelec-group.com\/index.php\/wp-json\/wp\/v2\/pages\/3679\/revisions\/3697"}],"wp:attachment":[{"href":"https:\/\/avelec-group.com\/index.php\/wp-json\/wp\/v2\/media?parent=3679"}],"curies":[{"name":"wp","href":"https:\/\/api.w.org\/{rel}","templated":true}]}}