{"id":3976,"date":"2026-01-29T20:04:25","date_gmt":"2026-01-29T19:04:25","guid":{"rendered":"https:\/\/avelec-group.com\/?page_id=3976"},"modified":"2026-01-29T20:52:32","modified_gmt":"2026-01-29T19:52:32","slug":"mentions-legales","status":"publish","type":"page","link":"https:\/\/avelec-group.com\/index.php\/mentions-legales\/","title":{"rendered":"Mentions l\u00e9gales"},"content":{"rendered":"\t\t<div data-elementor-type=\"wp-page\" data-elementor-id=\"3976\" class=\"elementor elementor-3976\">\n\t\t\t\t<div class=\"elementor-element elementor-element-26a37c9 e-flex e-con-boxed wpr-particle-no wpr-jarallax-no wpr-parallax-no wpr-sticky-section-no e-con e-parent\" data-id=\"26a37c9\" data-element_type=\"container\" data-settings=\"{&quot;background_background&quot;:&quot;classic&quot;}\">\n\t\t\t\t\t<div class=\"e-con-inner\">\n\t\t<div class=\"elementor-element elementor-element-cc2a26a e-con-full e-flex wpr-particle-no wpr-jarallax-no wpr-parallax-no wpr-sticky-section-no e-con e-child\" data-id=\"cc2a26a\" data-element_type=\"container\">\n\t\t\t\t<div class=\"elementor-element elementor-element-9a98cd2 elementor-widget elementor-widget-heading\" data-id=\"9a98cd2\" data-element_type=\"widget\" data-widget_type=\"heading.default\">\n\t\t\t\t<div class=\"elementor-widget-container\">\n\t\t\t\t\t<h1 class=\"elementor-heading-title elementor-size-default\">Mentions l\u00e9gales<\/h1>\t\t\t\t<\/div>\n\t\t\t\t<\/div>\n\t\t\t\t<\/div>\n\t\t\t\t\t<\/div>\n\t\t\t\t<\/div>\n\t\t<div class=\"elementor-element elementor-element-1196dc4 e-flex e-con-boxed wpr-particle-no wpr-jarallax-no wpr-parallax-no wpr-sticky-section-no e-con e-parent\" data-id=\"1196dc4\" data-element_type=\"container\">\n\t\t\t\t\t<div class=\"e-con-inner\">\n\t\t\t\t<div class=\"elementor-element elementor-element-20dbccc elementor-widget elementor-widget-text-editor\" data-id=\"20dbccc\" data-element_type=\"widget\" data-widget_type=\"text-editor.default\">\n\t\t\t\t<div class=\"elementor-widget-container\">\n\t\t\t\t\t\t\t\t\t<h1 data-path-to-node=\"2\">Mentions L\u00e9gales \u2013 Avelec<\/h1><h2 data-path-to-node=\"3\">1. \u00c9diteur du site<\/h2><p data-path-to-node=\"4\">Le site <b data-path-to-node=\"4\" data-index-in-node=\"8\">avelec-group.com<\/b> est \u00e9dit\u00e9 par :<\/p><ul data-path-to-node=\"5\"><li><p data-path-to-node=\"5,0,0\"><b data-path-to-node=\"5,0,0\" data-index-in-node=\"0\">Raison sociale :<\/b> AVELEC FRANCE<\/p><\/li><li><p data-path-to-node=\"5,1,0\"><b data-path-to-node=\"5,1,0\" data-index-in-node=\"0\">Forme juridique :<\/b> Soci\u00e9t\u00e9 \u00e0 responsabilit\u00e9 limit\u00e9e (SARL)<\/p><\/li><li><p data-path-to-node=\"5,2,0\"><b data-path-to-node=\"5,2,0\" data-index-in-node=\"0\">Capital social :<\/b> 12 500 \u20ac<\/p><\/li><li><p data-path-to-node=\"5,3,0\"><b data-path-to-node=\"5,3,0\" data-index-in-node=\"0\">Si\u00e8ge social :<\/b> 9 AV DES NATIONS 9-11, 08140 DOUZY, France<\/p><\/li><li><p data-path-to-node=\"5,4,0\"><b data-path-to-node=\"5,4,0\" data-index-in-node=\"0\">Num\u00e9ro SIREN :<\/b> 510 178 619<\/p><\/li><li><p data-path-to-node=\"5,5,0\"><b data-path-to-node=\"5,5,0\" data-index-in-node=\"0\">Num\u00e9ro SIRET :<\/b> 51017861900035<\/p><\/li><li><p data-path-to-node=\"5,6,0\"><b data-path-to-node=\"5,6,0\" data-index-in-node=\"0\">Greffe d\u2019immatriculation :<\/b> RCS Sedan<\/p><\/li><li><p data-path-to-node=\"5,7,0\"><b data-path-to-node=\"5,7,0\" data-index-in-node=\"0\">G\u00e9rant \/ Directeur de publication :<\/b> Fabrice BONOTTI<\/p><\/li><li><p data-path-to-node=\"5,8,0\"><b data-path-to-node=\"5,8,0\" data-index-in-node=\"0\">Contact :<\/b> contact@avelec-france.com<\/p><\/li><\/ul><h2 data-path-to-node=\"6\">\u00a0<\/h2><h2 data-path-to-node=\"6\">2. H\u00e9bergeur<\/h2><p data-path-to-node=\"7\">Le site est h\u00e9berg\u00e9 par :<\/p><ul data-path-to-node=\"8\"><li><p data-path-to-node=\"8,0,0\"><b data-path-to-node=\"8,0,0\" data-index-in-node=\"0\">Nom de l\u2019h\u00e9bergeur :<\/b> OVH SAS<\/p><\/li><li><p data-path-to-node=\"8,1,0\"><b data-path-to-node=\"8,1,0\" data-index-in-node=\"0\">Adresse :<\/b> 2 rue Kellermann \u2013 BP 80157 \u2013 59053 Roubaix Cedex 1 \u2013 France<\/p><\/li><li><p data-path-to-node=\"8,2,0\"><b data-path-to-node=\"8,2,0\" data-index-in-node=\"0\">T\u00e9l\u00e9phone :<\/b> 08 203 203 63 (0,118 \u20ac\/min)<\/p><\/li><li><p data-path-to-node=\"8,3,0\"><b data-path-to-node=\"8,3,0\" data-index-in-node=\"0\">Fax :<\/b> +33 (0)3 20 20 09 58<\/p><\/li><li><p data-path-to-node=\"8,4,0\"><b data-path-to-node=\"8,4,0\" data-index-in-node=\"0\">Site Internet :<\/b> <a class=\"ng-star-inserted\" href=\"https:\/\/www.ovh.com\" target=\"_blank\" rel=\"noopener\" data-hveid=\"0\" data-ved=\"0CAAQ_4QMahgKEwiRmfKRnLGSAxUAAAAAHQAAAAAQ7wM\">www.ovh.com<\/a><\/p><\/li><\/ul><h2 data-path-to-node=\"9\">\u00a0<\/h2><h2 data-path-to-node=\"9\">3. Conception et d\u00e9veloppement<\/h2><p data-path-to-node=\"10\">La conception et le d\u00e9veloppement du site ont \u00e9t\u00e9 r\u00e9alis\u00e9s par <b data-path-to-node=\"10\" data-index-in-node=\"63\">Bonotti Luca et Cosse Antonin de l\u2019agence Sangleo<\/b>.<\/p><h2 data-path-to-node=\"11\">\u00a0<\/h2><h2 data-path-to-node=\"11\">4. Propri\u00e9t\u00e9 intellectuelle<\/h2><ul data-path-to-node=\"12\"><li><p data-path-to-node=\"12,0,0\">Tout le contenu du site (textes, images, logos, graphismes) est la <b data-path-to-node=\"12,0,0\" data-index-in-node=\"67\">propri\u00e9t\u00e9 exclusive d\u2019Avelec<\/b>, sauf mention contraire.<\/p><\/li><li><p data-path-to-node=\"12,1,0\">Certaines images ou illustrations utilis\u00e9es sur le site sont obtenues <b data-path-to-node=\"12,1,0\" data-index-in-node=\"70\">sous licence<\/b> conform\u00e9ment aux conditions de licence.<\/p><\/li><li><p data-path-to-node=\"12,2,0\">Toute reproduction, modification, diffusion ou exploitation totale ou partielle sans autorisation \u00e9crite pr\u00e9alable est interdite.<\/p><\/li><\/ul><h2 data-path-to-node=\"13\">\u00a0<\/h2><h2 data-path-to-node=\"13\">5. Responsabilit\u00e9<\/h2><ul data-path-to-node=\"14\"><li><p data-path-to-node=\"14,0,0\">Avelec met tout en \u0153uvre pour assurer l\u2019exactitude des informations pr\u00e9sentes sur le site.<\/p><\/li><li><p data-path-to-node=\"14,1,0\">Cependant, Avelec ne peut \u00eatre tenue responsable des erreurs, omissions ou mauvaise utilisation du contenu.<\/p><\/li><\/ul><h2 data-path-to-node=\"15\">\u00a0<\/h2><h2 data-path-to-node=\"15\">6. Donn\u00e9es personnelles<\/h2><p data-path-to-node=\"16\">Pour plus d\u2019informations sur la collecte et le traitement de vos donn\u00e9es personnelles, nous vous invitons \u00e0 consulter notre <b data-path-to-node=\"16\" data-index-in-node=\"124\">Politique de confidentialit\u00e9<\/b>.<\/p><h2 data-path-to-node=\"17\">\u00a0<\/h2><h2 data-path-to-node=\"17\">7. Loi applicable<\/h2><p data-path-to-node=\"18\">Le pr\u00e9sent site ainsi que ses mentions l\u00e9gales sont soumis au <b data-path-to-node=\"18\" data-index-in-node=\"62\">droit fran\u00e7ais<\/b>.<\/p>\t\t\t\t\t\t\t\t<\/div>\n\t\t\t\t<\/div>\n\t\t\t\t\t<\/div>\n\t\t\t\t<\/div>\n\t\t\t\t<\/div>\n\t\t","protected":false},"excerpt":{"rendered":"<p>Mentions l\u00e9gales Mentions L\u00e9gales \u2013 Avelec 1. \u00c9diteur du site Le site avelec-group.com est \u00e9dit\u00e9 par : Raison sociale : AVELEC FRANCE Forme juridique : Soci\u00e9t\u00e9 \u00e0 responsabilit\u00e9 limit\u00e9e (SARL) Capital social : 12 500 \u20ac Si\u00e8ge social : 9 AV DES NATIONS 9-11, 08140 DOUZY, France Num\u00e9ro SIREN : 510 178 619 Num\u00e9ro SIRET : 51017861900035 Greffe d\u2019immatriculation : RCS Sedan G\u00e9rant \/ Directeur de publication : Fabrice BONOTTI Contact : contact@avelec-france.com \u00a0 2. H\u00e9bergeur Le site est h\u00e9berg\u00e9 par : Nom de l\u2019h\u00e9bergeur : OVH SAS Adresse : 2 rue Kellermann \u2013 BP 80157 \u2013 59053 Roubaix Cedex 1 \u2013 France T\u00e9l\u00e9phone : 08 203 203 63 (0,118 \u20ac\/min) Fax : +33 (0)3 20 20 09 58 Site Internet : www.ovh.com \u00a0 3. Conception et d\u00e9veloppement La conception et le d\u00e9veloppement du site ont \u00e9t\u00e9 r\u00e9alis\u00e9s par Bonotti Luca et Cosse Antonin de l\u2019agence Sangleo. \u00a0 4. Propri\u00e9t\u00e9 intellectuelle Tout le contenu du site (textes, images, logos, graphismes) est la propri\u00e9t\u00e9 exclusive d\u2019Avelec, sauf mention contraire. Certaines images ou illustrations utilis\u00e9es sur le site sont obtenues sous licence conform\u00e9ment aux conditions de licence. Toute reproduction, modification, diffusion ou exploitation totale ou partielle sans autorisation \u00e9crite pr\u00e9alable est interdite. \u00a0 5. Responsabilit\u00e9 Avelec met tout en \u0153uvre pour assurer l\u2019exactitude des informations pr\u00e9sentes sur le site. Cependant, Avelec ne peut \u00eatre tenue responsable des erreurs, omissions ou mauvaise utilisation du contenu. \u00a0 6. Donn\u00e9es personnelles Pour plus d\u2019informations sur la collecte et le traitement de vos donn\u00e9es personnelles, nous vous invitons \u00e0 consulter notre Politique de confidentialit\u00e9. \u00a0 7. Loi applicable Le pr\u00e9sent site ainsi que ses mentions l\u00e9gales sont soumis au droit fran\u00e7ais.<\/p>\n","protected":false},"author":1,"featured_media":0,"parent":0,"menu_order":0,"comment_status":"closed","ping_status":"closed","template":"","meta":{"inline_featured_image":false,"footnotes":""},"class_list":["post-3976","page","type-page","status-publish","hentry"],"_links":{"self":[{"href":"https:\/\/avelec-group.com\/index.php\/wp-json\/wp\/v2\/pages\/3976","targetHints":{"allow":["GET"]}}],"collection":[{"href":"https:\/\/avelec-group.com\/index.php\/wp-json\/wp\/v2\/pages"}],"about":[{"href":"https:\/\/avelec-group.com\/index.php\/wp-json\/wp\/v2\/types\/page"}],"author":[{"embeddable":true,"href":"https:\/\/avelec-group.com\/index.php\/wp-json\/wp\/v2\/users\/1"}],"replies":[{"embeddable":true,"href":"https:\/\/avelec-group.com\/index.php\/wp-json\/wp\/v2\/comments?post=3976"}],"version-history":[{"count":6,"href":"https:\/\/avelec-group.com\/index.php\/wp-json\/wp\/v2\/pages\/3976\/revisions"}],"predecessor-version":[{"id":3992,"href":"https:\/\/avelec-group.com\/index.php\/wp-json\/wp\/v2\/pages\/3976\/revisions\/3992"}],"wp:attachment":[{"href":"https:\/\/avelec-group.com\/index.php\/wp-json\/wp\/v2\/media?parent=3976"}],"curies":[{"name":"wp","href":"https:\/\/api.w.org\/{rel}","templated":true}]}}